{"id":54,"date":"2015-03-03T10:52:43","date_gmt":"2015-03-03T09:52:43","guid":{"rendered":"http:\/\/kobbnuest.thesus.com\/?page_id=54"},"modified":"2018-09-11T13:49:54","modified_gmt":"2018-09-11T11:49:54","slug":"lage-und-anreise","status":"publish","type":"page","link":"https:\/\/www.residenz-kobbnuest.de\/?page_id=54","title":{"rendered":"Lage und Anreise"},"content":{"rendered":"<h4 style=\"padding-left: 90px;\"><span style=\"color: #0000ff;\">Residenz Kobbn\u00fcst 1<\/span><br \/>\n<span style=\"color: #0000ff;\">An den Birken 3A I<\/span><br \/>\n<span style=\"color: #0000ff;\">26465 Langeoog<\/span><br \/>\n<a href=\"https:\/\/www.residenz-kobbn\u00fcst.de\"><span style=\"color: #0000ff;\">https:\/\/www.residenz-kobbn\u00fcst.de<\/span><\/a><\/h4>\n<h3 style=\"padding-left: 90px;\"><\/h3>\n<p>&nbsp;<\/p>\n<p><iframe loading=\"lazy\" src=\"https:\/\/www.google.com\/maps\/embed?pb=!1m18!1m12!1m3!1d2608.2789775653655!2d7.482191341152126!3d53.745693152388064!2m3!1f0!2f0!3f0!3m2!1i1024!2i768!4f13.1!3m3!1m2!1s0x47b67394d229f06f%3A0xc6685e059ea29b45!2sAn+den+Birken+3A%2C+26465+Langeoog!5e1!3m2!1sde!2sde!4v1536666556738\" width=\"1200\" height=\"800\" frameborder=\"0\" style=\"border:0\" allowfullscreen><\/iframe><\/p>\n<p>&nbsp;<\/p>\n<p style=\"text-align: center;\"><span style=\"color: #0000ff;\">Die Residenz Kobbn\u00fcst 1 liegt sehr ruhig an einem kleinen Fu\u00dfg\u00e4ngerweg. Es sind 2 Minuten zu Fu\u00df ins Dorfzentrum, 3 Minuten mit dem Fahrrad zum Strand.<\/span><\/p>\n<p style=\"text-align: center;\"><span style=\"color: #0000ff;\">Zum Bahnhof k\u00f6nnen Sie &#8211; auch mit Koffern &#8211; ohne weiteres zu Fu\u00df gehen: Er ist nur 1 Gehminute entfernt.<\/span><\/p>\n<h3 style=\"text-align: left;\"><span style=\"color: #3366ff;\">Schiffsfahrplan f\u00fcr die Anreise:<\/span><\/h3>\n<h4><a href=\"http:\/\/www.schiffahrt-langeoog.de\/de\/fahrplan.asp\" target=\"_blank\"><span style=\"color: #0000ff;\">http:\/\/www.schiffahrt-langeoog.de\/de\/fahrplan.asp<\/span><\/a><\/h4>\n<h4><\/h4>\n<p>&nbsp;<\/p>\n","protected":false},"excerpt":{"rendered":"<p>Residenz Kobbn\u00fcst 1 An den Birken 3A I 26465 Langeoog https:\/\/www.residenz-kobbn\u00fcst.de &nbsp; &nbsp; Die Residenz Kobbn\u00fcst 1 liegt sehr ruhig an einem kleinen Fu\u00dfg\u00e4ngerweg. Es sind 2 Minuten zu Fu\u00df ins Dorfzentrum, 3 Minuten mit dem Fahrrad zum Strand. Zum Bahnhof k\u00f6nnen Sie &#8211; auch mit Koffern &#8211; ohne weiteres zu Fu\u00df gehen: Er ist [&hellip;]<\/p>\n","protected":false},"author":1,"featured_media":0,"parent":0,"menu_order":3,"comment_status":"closed","ping_status":"closed","template":"","meta":{"ngg_post_thumbnail":0,"footnotes":""},"categories":[],"tags":[],"class_list":["post-54","page","type-page","status-publish","hentry"],"_links":{"self":[{"href":"https:\/\/www.residenz-kobbnuest.de\/index.php?rest_route=\/wp\/v2\/pages\/54","targetHints":{"allow":["GET"]}}],"collection":[{"href":"https:\/\/www.residenz-kobbnuest.de\/index.php?rest_route=\/wp\/v2\/pages"}],"about":[{"href":"https:\/\/www.residenz-kobbnuest.de\/index.php?rest_route=\/wp\/v2\/types\/page"}],"author":[{"embeddable":true,"href":"https:\/\/www.residenz-kobbnuest.de\/index.php?rest_route=\/wp\/v2\/users\/1"}],"replies":[{"embeddable":true,"href":"https:\/\/www.residenz-kobbnuest.de\/index.php?rest_route=%2Fwp%2Fv2%2Fcomments&post=54"}],"version-history":[{"count":19,"href":"https:\/\/www.residenz-kobbnuest.de\/index.php?rest_route=\/wp\/v2\/pages\/54\/revisions"}],"predecessor-version":[{"id":404,"href":"https:\/\/www.residenz-kobbnuest.de\/index.php?rest_route=\/wp\/v2\/pages\/54\/revisions\/404"}],"wp:attachment":[{"href":"https:\/\/www.residenz-kobbnuest.de\/index.php?rest_route=%2Fwp%2Fv2%2Fmedia&parent=54"}],"wp:term":[{"taxonomy":"category","embeddable":true,"href":"https:\/\/www.residenz-kobbnuest.de\/index.php?rest_route=%2Fwp%2Fv2%2Fcategories&post=54"},{"taxonomy":"post_tag","embeddable":true,"href":"https:\/\/www.residenz-kobbnuest.de\/index.php?rest_route=%2Fwp%2Fv2%2Ftags&post=54"}],"curies":[{"name":"wp","href":"https:\/\/api.w.org\/{rel}","templated":true}]}}