{"id":517,"date":"2023-01-14T14:52:35","date_gmt":"2023-01-14T13:52:35","guid":{"rendered":"https:\/\/www.residenz-kobbnuest.de\/?page_id=517"},"modified":"2023-04-10T13:44:10","modified_gmt":"2023-04-10T11:44:10","slug":"details2","status":"publish","type":"page","link":"https:\/\/www.residenz-kobbnuest.de\/?page_id=517","title":{"rendered":"Details2"},"content":{"rendered":"<h1>Detailinformationen zum Kobbn\u00fcst<\/h1>\n<p>&nbsp;<\/p>\n<div class=\"one_half\">\n<h2><span style=\"color: #0000ff;\">Eigenschaften:<\/span><\/h2>\n<ul>\n<li><span style=\"color: #000000; font-size: 14pt;\">S\u00fcdliches Reihenendhaus mit 94 qm<\/span><\/li>\n<li><span style=\"color: #000000; font-size: 14pt;\">mit eigenem Garten und Terrasse in S\u00fcdlage<\/span><\/li>\n<li><span style=\"color: #000000; font-size: 14pt;\">Gelegen an einem sehr ruhigen Fu\u00dfweg<\/span><\/li>\n<li><span style=\"color: #000000; font-size: 14pt;\">Geeignet f\u00fcr 6 Personen (+ 1 Baby)<\/span><\/li>\n<li><span style=\"color: #000000; font-size: 14pt;\">3 Schlafzimmer, zwei Schlafzimmer mit gro\u00dfen Doppelbetten, ein Schlafzimmer (Kinderschlafzimmer) mit zwei Einzelbetten<\/span><\/li>\n<li><span style=\"color: #000000; font-size: 14pt;\">2 Min zu Fu\u00df zum Bahnhof<\/span><\/li>\n<li><span style=\"color: #000000; font-size: 14pt;\">4 Min mit dem Fahrrad zum Strand<\/span><\/li>\n<li><span style=\"color: #000000; font-size: 14pt;\">Nichtraucherhaus, Haustiere sind nicht erlaubt<\/span><\/li>\n<\/ul>\n<p>&nbsp;<\/div>\n<div class=\"one_half last\">\n<h2><span style=\"color: #0000ff;\">Ausstattung:<\/span><\/h2>\n<ul>\n<li><span style=\"font-size: 14pt; color: #000000;\">Schnelles WLAN kostenfrei vorhanden<\/span><\/li>\n<li><span style=\"font-size: 14pt; color: #000000;\">2 Flatscreen-TVs mit digitalem Kabelempfang<\/span><\/li>\n<li><span style=\"font-size: 14pt; color: #000000;\">K\u00fcche mit Herd und Backofen, Geschirrsp\u00fcler, Mikrowelle, Kaffeemaschinen (Filter und Tabs)<\/span><\/li>\n<li><span style=\"font-size: 14pt; color: #000000;\">2 Badezimmer<\/span><\/li>\n<li><span style=\"font-size: 14pt; color: #000000;\">Kinderbett (bis 2 Jahre) und Kinderhochstuhl vorhanden.<\/span><\/li>\n<li><span style=\"font-size: 14pt; color: #000000;\">Waschmaschine und Trockner auf M\u00fcnzbasis (zur Benutzung nur durch Sie) in Nebengeb\u00e4ude am Haus vorhanden.<\/span><\/li>\n<\/ul>\n<p>&nbsp;<\/div>\r\n<div class=\"clearboth\"><\/div>\n<div class=\"one_half\">\n<p>&nbsp;<\/p>\n<p><img loading=\"lazy\" decoding=\"async\" class=\"size-full wp-image-353 aligncenter\" src=\"https:\/\/www.residenz-kobbnuest.de\/wp-content\/uploads\/Infoflyer_thumb2.jpg\" alt=\"\" width=\"180\" height=\"255\"><\/p>\n<p style=\"text-align: center;\">Hier k\u00f6nnen Sie Informationen als PDF herunterladen und ausdrucken<\/p>\n<p style=\"text-align: center;\"><a href=\"https:\/\/www.residenz-kobbnuest.de\/wp-content\/uploads\/Infoflyer_2016.pdf\" class=\"button style1 red_light medium\"> Info-Flyer herunterladen <\/a>\n<p>&nbsp;<\/div>\n<p>&nbsp;<\/p>\n<div class=\"one_half last\">\n<h2><span style=\"color: #0000ff;\">Warum eigentlich &#8222;Kobbn\u00fcst&#8220;??<\/span><\/h2>\n<p><span style=\"font-size: 14pt; color: #000000;\">Korbe, Korb oder Kobb hei\u00dft auf plattdeutsch &#8222;M\u00f6we&#8220;. Und N\u00fcst ist das Nest. Kobbn\u00fcst ist also das M\u00f6wennest. Dies ist ein historischer Name des Wohnhauses des Inselschnitzers, das in fr\u00fcheren Zeiten auf dem Grundst\u00fcck der heutigen Residenz Kobbn\u00fcst stand. Er hatte sein Haus mit einer aufw\u00e4ndigen Schnitzerei eines M\u00f6wennestes verziert &#8211; daher der Name des Hauses.<\/span><\/p>\n<p>&nbsp;<\/div>\r\n<div class=\"clearboth\"><\/div>\n<p>&nbsp;<\/p>\n<p style=\"text-align: center;\"><a href=\"https:\/\/www.seewohnen.de\/objekt\/kobbnuest-1.html\" class=\"button style1 red_light large\"> Zur Buchungsseite bei Seewohnen <\/a>\n<p>&nbsp;<\/p>\n","protected":false},"excerpt":{"rendered":"<p>Detailinformationen zum Kobbn\u00fcst &nbsp; &nbsp; &nbsp; &nbsp;<\/p>\n","protected":false},"author":1,"featured_media":0,"parent":0,"menu_order":0,"comment_status":"closed","ping_status":"closed","template":"","meta":{"ngg_post_thumbnail":0,"footnotes":""},"categories":[],"tags":[],"class_list":["post-517","page","type-page","status-publish","hentry"],"_links":{"self":[{"href":"https:\/\/www.residenz-kobbnuest.de\/index.php?rest_route=\/wp\/v2\/pages\/517","targetHints":{"allow":["GET"]}}],"collection":[{"href":"https:\/\/www.residenz-kobbnuest.de\/index.php?rest_route=\/wp\/v2\/pages"}],"about":[{"href":"https:\/\/www.residenz-kobbnuest.de\/index.php?rest_route=\/wp\/v2\/types\/page"}],"author":[{"embeddable":true,"href":"https:\/\/www.residenz-kobbnuest.de\/index.php?rest_route=\/wp\/v2\/users\/1"}],"replies":[{"embeddable":true,"href":"https:\/\/www.residenz-kobbnuest.de\/index.php?rest_route=%2Fwp%2Fv2%2Fcomments&post=517"}],"version-history":[{"count":31,"href":"https:\/\/www.residenz-kobbnuest.de\/index.php?rest_route=\/wp\/v2\/pages\/517\/revisions"}],"predecessor-version":[{"id":550,"href":"https:\/\/www.residenz-kobbnuest.de\/index.php?rest_route=\/wp\/v2\/pages\/517\/revisions\/550"}],"wp:attachment":[{"href":"https:\/\/www.residenz-kobbnuest.de\/index.php?rest_route=%2Fwp%2Fv2%2Fmedia&parent=517"}],"wp:term":[{"taxonomy":"category","embeddable":true,"href":"https:\/\/www.residenz-kobbnuest.de\/index.php?rest_route=%2Fwp%2Fv2%2Fcategories&post=517"},{"taxonomy":"post_tag","embeddable":true,"href":"https:\/\/www.residenz-kobbnuest.de\/index.php?rest_route=%2Fwp%2Fv2%2Ftags&post=517"}],"curies":[{"name":"wp","href":"https:\/\/api.w.org\/{rel}","templated":true}]}}