{"id":235,"date":"2015-03-09T12:36:53","date_gmt":"2015-03-09T11:36:53","guid":{"rendered":"http:\/\/www.residenz-kobbnuest.de\/?page_id=235"},"modified":"2023-04-05T12:39:03","modified_gmt":"2023-04-05T10:39:03","slug":"fotogalerie-2","status":"publish","type":"page","link":"https:\/\/www.residenz-kobbnuest.de\/?page_id=235","title":{"rendered":"Fotogalerie"},"content":{"rendered":"<p style=\"text-align: center;\"><span style=\"font-family: tahoma,arial,helvetica,sans-serif; font-size: 14pt;\">Bitte klicken Sie auf ein Bild, um es zu vergr\u00f6\u00dfern und die Diashow zu starten.<\/span><\/p>\n<hr>\n<p style=\"text-align: center;\"><span style=\"font-family: tahoma,arial,helvetica,sans-serif; font-size: 14pt;\">Bilder aus dem Erdgeschoss<\/span><\/p>\nngg_shortcode_0_placeholder\n<hr>\n<p style=\"text-align: center;\"><span style=\"font-family: tahoma,arial,helvetica,sans-serif; font-size: 14pt;\">Bilder von au\u00dfen:<\/span><\/p>\nngg_shortcode_1_placeholder\n<hr>\n<p style=\"text-align: center;\"><span style=\"font-family: tahoma,arial,helvetica,sans-serif; font-size: 14pt;\">Bilder aus dem Obergeschoss:<\/span><\/p>\nngg_shortcode_2_placeholder\n","protected":false},"excerpt":{"rendered":"<p>Bitte klicken Sie auf ein Bild, um es zu vergr\u00f6\u00dfern und die Diashow zu starten. Bilder aus dem Erdgeschoss &nbsp; Bilder von au\u00dfen: Bilder aus dem Obergeschoss: &nbsp;<\/p>\n","protected":false},"author":1,"featured_media":0,"parent":0,"menu_order":0,"comment_status":"open","ping_status":"open","template":"","meta":{"ngg_post_thumbnail":0,"footnotes":""},"categories":[],"tags":[],"class_list":["post-235","page","type-page","status-publish","hentry"],"_links":{"self":[{"href":"https:\/\/www.residenz-kobbnuest.de\/index.php?rest_route=\/wp\/v2\/pages\/235","targetHints":{"allow":["GET"]}}],"collection":[{"href":"https:\/\/www.residenz-kobbnuest.de\/index.php?rest_route=\/wp\/v2\/pages"}],"about":[{"href":"https:\/\/www.residenz-kobbnuest.de\/index.php?rest_route=\/wp\/v2\/types\/page"}],"author":[{"embeddable":true,"href":"https:\/\/www.residenz-kobbnuest.de\/index.php?rest_route=\/wp\/v2\/users\/1"}],"replies":[{"embeddable":true,"href":"https:\/\/www.residenz-kobbnuest.de\/index.php?rest_route=%2Fwp%2Fv2%2Fcomments&post=235"}],"version-history":[{"count":31,"href":"https:\/\/www.residenz-kobbnuest.de\/index.php?rest_route=\/wp\/v2\/pages\/235\/revisions"}],"predecessor-version":[{"id":617,"href":"https:\/\/www.residenz-kobbnuest.de\/index.php?rest_route=\/wp\/v2\/pages\/235\/revisions\/617"}],"wp:attachment":[{"href":"https:\/\/www.residenz-kobbnuest.de\/index.php?rest_route=%2Fwp%2Fv2%2Fmedia&parent=235"}],"wp:term":[{"taxonomy":"category","embeddable":true,"href":"https:\/\/www.residenz-kobbnuest.de\/index.php?rest_route=%2Fwp%2Fv2%2Fcategories&post=235"},{"taxonomy":"post_tag","embeddable":true,"href":"https:\/\/www.residenz-kobbnuest.de\/index.php?rest_route=%2Fwp%2Fv2%2Ftags&post=235"}],"curies":[{"name":"wp","href":"https:\/\/api.w.org\/{rel}","templated":true}]}}